{"id":484,"date":"2021-11-23T12:23:38","date_gmt":"2021-11-23T12:23:38","guid":{"rendered":"https:\/\/sawcity.pl\/?page_id=484"},"modified":"2021-11-23T12:36:11","modified_gmt":"2021-11-23T12:36:11","slug":"warsztaty","status":"publish","type":"page","link":"https:\/\/sawcity.pl\/index.php\/warsztaty\/","title":{"rendered":"Warsztaty"},"content":{"rendered":"\t\t<div data-elementor-type=\"wp-page\" data-elementor-id=\"484\" class=\"elementor elementor-484\" data-elementor-settings=\"[]\">\n\t\t\t\t\t\t<div class=\"elementor-inner\">\n\t\t\t\t\t\t\t<div class=\"elementor-section-wrap\">\n\t\t\t\t\t\t\t<section data-particle_enable=\"false\" data-particle-mobile-disabled=\"false\" class=\"elementor-section elementor-top-section elementor-element elementor-element-e2615a8 elementor-section-full_width elementor-section-height-default elementor-section-height-default\" data-id=\"e2615a8\" data-element_type=\"section\">\n\t\t\t\t\t\t<div class=\"elementor-container elementor-column-gap-custom\">\n\t\t\t\t\t\t\t<div class=\"elementor-row\">\n\t\t\t\t\t<div class=\"elementor-column elementor-col-100 elementor-top-column elementor-element elementor-element-617330f\" data-id=\"617330f\" data-element_type=\"column\">\n\t\t\t<div class=\"elementor-column-wrap elementor-element-populated\">\n\t\t\t\t\t\t\t<div class=\"elementor-widget-wrap\">\n\t\t\t\t\t\t<div class=\"elementor-element elementor-element-0ee0b7f elementor-widget elementor-widget-heading\" data-id=\"0ee0b7f\" data-element_type=\"widget\" data-widget_type=\"heading.default\">\n\t\t\t\t<div class=\"elementor-widget-container\">\n\t\t\t<h3 class=\"elementor-heading-title elementor-size-default\">Warsztaty graffiti<\/h3>\t\t<\/div>\n\t\t\t\t<\/div>\n\t\t\t\t<div class=\"elementor-element elementor-element-ed61c57 elementor-widget elementor-widget-text-editor\" data-id=\"ed61c57\" data-element_type=\"widget\" data-widget_type=\"text-editor.default\">\n\t\t\t\t<div class=\"elementor-widget-container\">\n\t\t\t\t\t\t\t\t<div class=\"elementor-text-editor elementor-clearfix\">\n\t\t\t\t<p>Warsztaty graffiti to doskona\u0142y pomys\u0142 na integracj\u0119 w Twojej firmie.<br \/>To ciekawa forma sp\u0119dzenia czasu, kt\u00f3ra uczy i bawi.<br \/>Podczas warsztat\u00f3w b\u0119dziecie mogli stworzy\u0107 wsp\u00f3lnie mural lub indywidualnie namalowa\u0107 obraz wed\u0142ug Waszego pomys\u0142u.<br \/>Ofert\u0119 kierujemy do firm, szk\u00f3\u0142 i plac\u00f3wek, kt\u00f3re s\u0105 otwarte na niestandardow\u0105 form\u0119 nauki i zabawy.<br \/>Przed ka\u017cdym warsztatem wprowadzimy Was w \u015bwiat sztuki ulicznej kr\u00f3tk\u0105 prezentacj\u0105 o jej historii .<br \/>Poznacie techniki i narz\u0119dzia malarskie, kt\u00f3rych u\u017cywamy podczas tworzenia murali. Zach\u0119camy do kontaktu. Odpowiemy na Wasze pytania.<\/p>\t\t\t\t\t<\/div>\n\t\t\t\t\t\t<\/div>\n\t\t\t\t<\/div>\n\t\t\t\t\t\t<\/div>\n\t\t\t\t\t<\/div>\n\t\t<\/div>\n\t\t\t\t\t\t\t\t<\/div>\n\t\t\t\t\t<\/div>\n\t\t<\/section>\n\t\t\t\t<section data-particle_enable=\"false\" data-particle-mobile-disabled=\"false\" class=\"elementor-section elementor-top-section elementor-element elementor-element-cf11ee5 elementor-section-full_width elementor-section-height-default elementor-section-height-default\" data-id=\"cf11ee5\" data-element_type=\"section\">\n\t\t\t\t\t\t<div class=\"elementor-container elementor-column-gap-default\">\n\t\t\t\t\t\t\t<div class=\"elementor-row\">\n\t\t\t\t\t<div class=\"elementor-column elementor-col-100 elementor-top-column elementor-element elementor-element-89b7884\" data-id=\"89b7884\" data-element_type=\"column\">\n\t\t\t<div class=\"elementor-column-wrap elementor-element-populated\">\n\t\t\t\t\t\t\t<div class=\"elementor-widget-wrap\">\n\t\t\t\t\t\t<div class=\"elementor-element elementor-element-6c0b325 elementor-widget elementor-widget-gallery\" data-id=\"6c0b325\" data-element_type=\"widget\" data-settings=\"{&quot;lazyload&quot;:&quot;yes&quot;,&quot;gallery_layout&quot;:&quot;grid&quot;,&quot;columns&quot;:4,&quot;columns_tablet&quot;:2,&quot;columns_mobile&quot;:1,&quot;gap&quot;:{&quot;unit&quot;:&quot;px&quot;,&quot;size&quot;:10,&quot;sizes&quot;:[]},&quot;gap_tablet&quot;:{&quot;unit&quot;:&quot;px&quot;,&quot;size&quot;:10,&quot;sizes&quot;:[]},&quot;gap_mobile&quot;:{&quot;unit&quot;:&quot;px&quot;,&quot;size&quot;:10,&quot;sizes&quot;:[]},&quot;link_to&quot;:&quot;file&quot;,&quot;aspect_ratio&quot;:&quot;3:2&quot;,&quot;overlay_background&quot;:&quot;yes&quot;,&quot;content_hover_animation&quot;:&quot;fade-in&quot;}\" data-widget_type=\"gallery.default\">\n\t\t\t\t<div class=\"elementor-widget-container\">\n\t\t\t\t\t<div class=\"elementor-gallery__container\">\n\t\t\t\t\t\t\t<a class=\"e-gallery-item elementor-gallery-item elementor-animated-content\" href=\"https:\/\/sawcity.pl\/wp-content\/uploads\/2021\/11\/image_50370049.jpg\" data-elementor-open-lightbox=\"yes\" data-elementor-lightbox-slideshow=\"all-6c0b325\">\n\t\t\t\t\t<div class=\"e-gallery-image elementor-gallery-item__image\" data-thumbnail=\"https:\/\/sawcity.pl\/wp-content\/uploads\/2021\/11\/image_50370049-1024x768.jpg\" data-width=\"800\" data-height=\"600\" alt=\"\" ><\/div>\n\t\t\t\t\t\t\t\t\t\t<div class=\"elementor-gallery-item__overlay\"><\/div>\n\t\t\t\t\t\t\t\t\t\t\t\t\t\t<\/a>\n\t\t\t\t\t\t\t<a class=\"e-gallery-item elementor-gallery-item elementor-animated-content\" href=\"https:\/\/sawcity.pl\/wp-content\/uploads\/2021\/11\/image_50455297.jpg\" data-elementor-open-lightbox=\"yes\" data-elementor-lightbox-slideshow=\"all-6c0b325\">\n\t\t\t\t\t<div class=\"e-gallery-image elementor-gallery-item__image\" data-thumbnail=\"https:\/\/sawcity.pl\/wp-content\/uploads\/2021\/11\/image_50455297-1024x768.jpg\" data-width=\"800\" data-height=\"600\" alt=\"\" ><\/div>\n\t\t\t\t\t\t\t\t\t\t<div class=\"elementor-gallery-item__overlay\"><\/div>\n\t\t\t\t\t\t\t\t\t\t\t\t\t\t<\/a>\n\t\t\t\t\t\t\t<a class=\"e-gallery-item elementor-gallery-item elementor-animated-content\" href=\"https:\/\/sawcity.pl\/wp-content\/uploads\/2021\/11\/image_67178241.jpg\" data-elementor-open-lightbox=\"yes\" data-elementor-lightbox-slideshow=\"all-6c0b325\">\n\t\t\t\t\t<div class=\"e-gallery-image elementor-gallery-item__image\" data-thumbnail=\"https:\/\/sawcity.pl\/wp-content\/uploads\/2021\/11\/image_67178241.jpg\" data-width=\"750\" data-height=\"1000\" alt=\"\" ><\/div>\n\t\t\t\t\t\t\t\t\t\t<div class=\"elementor-gallery-item__overlay\"><\/div>\n\t\t\t\t\t\t\t\t\t\t\t\t\t\t<\/a>\n\t\t\t\t\t\t\t<a class=\"e-gallery-item elementor-gallery-item elementor-animated-content\" href=\"https:\/\/sawcity.pl\/wp-content\/uploads\/2021\/11\/image_67226881.jpg\" data-elementor-open-lightbox=\"yes\" data-elementor-lightbox-slideshow=\"all-6c0b325\">\n\t\t\t\t\t<div class=\"e-gallery-image elementor-gallery-item__image\" data-thumbnail=\"https:\/\/sawcity.pl\/wp-content\/uploads\/2021\/11\/image_67226881.jpg\" data-width=\"750\" data-height=\"1000\" alt=\"\" ><\/div>\n\t\t\t\t\t\t\t\t\t\t<div class=\"elementor-gallery-item__overlay\"><\/div>\n\t\t\t\t\t\t\t\t\t\t\t\t\t\t<\/a>\n\t\t\t\t\t<\/div>\n\t\t\t<\/div>\n\t\t\t\t<\/div>\n\t\t\t\t\t\t<\/div>\n\t\t\t\t\t<\/div>\n\t\t<\/div>\n\t\t\t\t\t\t\t\t<\/div>\n\t\t\t\t\t<\/div>\n\t\t<\/section>\n\t\t\t\t<section data-particle_enable=\"false\" data-particle-mobile-disabled=\"false\" class=\"elementor-section elementor-top-section elementor-element elementor-element-4aebb39 elementor-section-full_width elementor-section-height-default elementor-section-height-default\" data-id=\"4aebb39\" data-element_type=\"section\" data-settings=\"{&quot;background_background&quot;:&quot;classic&quot;}\">\n\t\t\t\t\t\t<div class=\"elementor-container elementor-column-gap-no\">\n\t\t\t\t\t\t\t<div class=\"elementor-row\">\n\t\t\t\t\t<div class=\"elementor-column elementor-col-25 elementor-top-column elementor-element elementor-element-ecf2cb6\" data-id=\"ecf2cb6\" data-element_type=\"column\">\n\t\t\t<div class=\"elementor-column-wrap elementor-element-populated\">\n\t\t\t\t\t\t\t<div class=\"elementor-widget-wrap\">\n\t\t\t\t\t\t<div class=\"elementor-element elementor-element-9ed1e87 elementor-view-stacked elementor-shape-square elementor-position-top elementor-vertical-align-top elementor-widget elementor-widget-icon-box\" data-id=\"9ed1e87\" data-element_type=\"widget\" data-widget_type=\"icon-box.default\">\n\t\t\t\t<div class=\"elementor-widget-container\">\n\t\t\t\t\t<div class=\"elementor-icon-box-wrapper\">\n\t\t\t\t\t\t<div class=\"elementor-icon-box-icon\">\n\t\t\t\t<span class=\"elementor-icon elementor-animation-\" >\n\t\t\t\t<svg xmlns=\"http:\/\/www.w3.org\/2000\/svg\" xmlns:xlink=\"http:\/\/www.w3.org\/1999\/xlink\" id=\"Capa_1\" x=\"0px\" y=\"0px\" viewBox=\"0 0 473.806 473.806\" style=\"enable-background:new 0 0 473.806 473.806;\" xml:space=\"preserve\">\n<g>\n\t<g>\n\t\t<path d=\"M374.456,293.506c-9.7-10.1-21.4-15.5-33.8-15.5c-12.3,0-24.1,5.3-34.2,15.4l-31.6,31.5c-2.6-1.4-5.2-2.7-7.7-4    c-3.6-1.8-7-3.5-9.9-5.3c-29.6-18.8-56.5-43.3-82.3-75c-12.5-15.8-20.9-29.1-27-42.6c8.2-7.5,15.8-15.3,23.2-22.8    c2.8-2.8,5.6-5.7,8.4-8.5c21-21,21-48.2,0-69.2l-27.3-27.3c-3.1-3.1-6.3-6.3-9.3-9.5c-6-6.2-12.3-12.6-18.8-18.6    c-9.7-9.6-21.3-14.7-33.5-14.7s-24,5.1-34,14.7c-0.1,0.1-0.1,0.1-0.2,0.2l-34,34.3c-12.8,12.8-20.1,28.4-21.7,46.5    c-2.4,29.2,6.2,56.4,12.8,74.2c16.2,43.7,40.4,84.2,76.5,127.6c43.8,52.3,96.5,93.6,156.7,122.7c23,10.9,53.7,23.8,88,26    c2.1,0.1,4.3,0.2,6.3,0.2c23.1,0,42.5-8.3,57.7-24.8c0.1-0.2,0.3-0.3,0.4-0.5c5.2-6.3,11.2-12,17.5-18.1c4.3-4.1,8.7-8.4,13-12.9    c9.9-10.3,15.1-22.3,15.1-34.6c0-12.4-5.3-24.3-15.4-34.3L374.456,293.506z M410.256,398.806    C410.156,398.806,410.156,398.906,410.256,398.806c-3.9,4.2-7.9,8-12.2,12.2c-6.5,6.2-13.1,12.7-19.3,20    c-10.1,10.8-22,15.9-37.6,15.9c-1.5,0-3.1,0-4.6-0.1c-29.7-1.9-57.3-13.5-78-23.4c-56.6-27.4-106.3-66.3-147.6-115.6    c-34.1-41.1-56.9-79.1-72-119.9c-9.3-24.9-12.7-44.3-11.2-62.6c1-11.7,5.5-21.4,13.8-29.7l34.1-34.1c4.9-4.6,10.1-7.1,15.2-7.1    c6.3,0,11.4,3.8,14.6,7c0.1,0.1,0.2,0.2,0.3,0.3c6.1,5.7,11.9,11.6,18,17.9c3.1,3.2,6.3,6.4,9.5,9.7l27.3,27.3    c10.6,10.6,10.6,20.4,0,31c-2.9,2.9-5.7,5.8-8.6,8.6c-8.4,8.6-16.4,16.6-25.1,24.4c-0.2,0.2-0.4,0.3-0.5,0.5    c-8.6,8.6-7,17-5.2,22.7c0.1,0.3,0.2,0.6,0.3,0.9c7.1,17.2,17.1,33.4,32.3,52.7l0.1,0.1c27.6,34,56.7,60.5,88.8,80.8    c4.1,2.6,8.3,4.7,12.3,6.7c3.6,1.8,7,3.5,9.9,5.3c0.4,0.2,0.8,0.5,1.2,0.7c3.4,1.7,6.6,2.5,9.9,2.5c8.3,0,13.5-5.2,15.2-6.9    l34.2-34.2c3.4-3.4,8.8-7.5,15.1-7.5c6.2,0,11.3,3.9,14.4,7.3c0.1,0.1,0.1,0.1,0.2,0.2l55.1,55.1    C420.456,377.706,420.456,388.206,410.256,398.806z\"><\/path>\n\t\t<path d=\"M256.056,112.706c26.2,4.4,50,16.8,69,35.8s31.3,42.8,35.8,69c1.1,6.6,6.8,11.2,13.3,11.2c0.8,0,1.5-0.1,2.3-0.2    c7.4-1.2,12.3-8.2,11.1-15.6c-5.4-31.7-20.4-60.6-43.3-83.5s-51.8-37.9-83.5-43.3c-7.4-1.2-14.3,3.7-15.6,11    S248.656,111.506,256.056,112.706z\"><\/path>\n\t\t<path d=\"M473.256,209.006c-8.9-52.2-33.5-99.7-71.3-137.5s-85.3-62.4-137.5-71.3c-7.3-1.3-14.2,3.7-15.5,11    c-1.2,7.4,3.7,14.3,11.1,15.6c46.6,7.9,89.1,30,122.9,63.7c33.8,33.8,55.8,76.3,63.7,122.9c1.1,6.6,6.8,11.2,13.3,11.2    c0.8,0,1.5-0.1,2.3-0.2C469.556,223.306,474.556,216.306,473.256,209.006z\"><\/path>\n\t<\/g>\n<\/g>\n<g>\n<\/g>\n<g>\n<\/g>\n<g>\n<\/g>\n<g>\n<\/g>\n<g>\n<\/g>\n<g>\n<\/g>\n<g>\n<\/g>\n<g>\n<\/g>\n<g>\n<\/g>\n<g>\n<\/g>\n<g>\n<\/g>\n<g>\n<\/g>\n<g>\n<\/g>\n<g>\n<\/g>\n<g>\n<\/g>\n<\/svg>\t\t\t\t<\/span>\n\t\t\t<\/div>\n\t\t\t\t\t\t<div class=\"elementor-icon-box-content\">\n\t\t\t\t<h3 class=\"elementor-icon-box-title\">\n\t\t\t\t\t<span  >\n\t\t\t\t\t\t535 307 059\t\t\t\t\t<\/span>\n\t\t\t\t<\/h3>\n\t\t\t\t\t\t\t<\/div>\n\t\t<\/div>\n\t\t\t\t<\/div>\n\t\t\t\t<\/div>\n\t\t\t\t\t\t<\/div>\n\t\t\t\t\t<\/div>\n\t\t<\/div>\n\t\t\t\t<div class=\"elementor-column elementor-col-25 elementor-top-column elementor-element elementor-element-8e2ca1f\" data-id=\"8e2ca1f\" data-element_type=\"column\">\n\t\t\t<div class=\"elementor-column-wrap elementor-element-populated\">\n\t\t\t\t\t\t\t<div class=\"elementor-widget-wrap\">\n\t\t\t\t\t\t<div class=\"elementor-element elementor-element-406ad8a elementor-view-stacked elementor-shape-square elementor-position-top elementor-vertical-align-top elementor-widget elementor-widget-icon-box\" data-id=\"406ad8a\" data-element_type=\"widget\" data-widget_type=\"icon-box.default\">\n\t\t\t\t<div class=\"elementor-widget-container\">\n\t\t\t\t\t<div class=\"elementor-icon-box-wrapper\">\n\t\t\t\t\t\t<div class=\"elementor-icon-box-icon\">\n\t\t\t\t<span class=\"elementor-icon elementor-animation-\" >\n\t\t\t\t<svg xmlns=\"http:\/\/www.w3.org\/2000\/svg\" xmlns:xlink=\"http:\/\/www.w3.org\/1999\/xlink\" id=\"Capa_1\" x=\"0px\" y=\"0px\" viewBox=\"0 0 483.3 483.3\" style=\"enable-background:new 0 0 483.3 483.3;\" xml:space=\"preserve\">\n<g>\n\t<g>\n\t\t<path d=\"M424.3,57.75H59.1c-32.6,0-59.1,26.5-59.1,59.1v249.6c0,32.6,26.5,59.1,59.1,59.1h365.1c32.6,0,59.1-26.5,59.1-59.1    v-249.5C483.4,84.35,456.9,57.75,424.3,57.75z M456.4,366.45c0,17.7-14.4,32.1-32.1,32.1H59.1c-17.7,0-32.1-14.4-32.1-32.1v-249.5    c0-17.7,14.4-32.1,32.1-32.1h365.1c17.7,0,32.1,14.4,32.1,32.1v249.5H456.4z\"><\/path>\n\t\t<path d=\"M304.8,238.55l118.2-106c5.5-5,6-13.5,1-19.1c-5-5.5-13.5-6-19.1-1l-163,146.3l-31.8-28.4c-0.1-0.1-0.2-0.2-0.2-0.3    c-0.7-0.7-1.4-1.3-2.2-1.9L78.3,112.35c-5.6-5-14.1-4.5-19.1,1.1c-5,5.6-4.5,14.1,1.1,19.1l119.6,106.9L60.8,350.95    c-5.4,5.1-5.7,13.6-0.6,19.1c2.7,2.8,6.3,4.3,9.9,4.3c3.3,0,6.6-1.2,9.2-3.6l120.9-113.1l32.8,29.3c2.6,2.3,5.8,3.4,9,3.4    c3.2,0,6.5-1.2,9-3.5l33.7-30.2l120.2,114.2c2.6,2.5,6,3.7,9.3,3.7c3.6,0,7.1-1.4,9.8-4.2c5.1-5.4,4.9-14-0.5-19.1L304.8,238.55z\"><\/path>\n\t<\/g>\n<\/g>\n<g>\n<\/g>\n<g>\n<\/g>\n<g>\n<\/g>\n<g>\n<\/g>\n<g>\n<\/g>\n<g>\n<\/g>\n<g>\n<\/g>\n<g>\n<\/g>\n<g>\n<\/g>\n<g>\n<\/g>\n<g>\n<\/g>\n<g>\n<\/g>\n<g>\n<\/g>\n<g>\n<\/g>\n<g>\n<\/g>\n<\/svg>\t\t\t\t<\/span>\n\t\t\t<\/div>\n\t\t\t\t\t\t<div class=\"elementor-icon-box-content\">\n\t\t\t\t<h3 class=\"elementor-icon-box-title\">\n\t\t\t\t\t<span  >\n\t\t\t\t\t\tinfo@sawcity.pl\t\t\t\t\t<\/span>\n\t\t\t\t<\/h3>\n\t\t\t\t\t\t\t<\/div>\n\t\t<\/div>\n\t\t\t\t<\/div>\n\t\t\t\t<\/div>\n\t\t\t\t\t\t<\/div>\n\t\t\t\t\t<\/div>\n\t\t<\/div>\n\t\t\t\t<div class=\"elementor-column elementor-col-25 elementor-top-column elementor-element elementor-element-637d7d5\" data-id=\"637d7d5\" data-element_type=\"column\">\n\t\t\t<div class=\"elementor-column-wrap elementor-element-populated\">\n\t\t\t\t\t\t\t<div class=\"elementor-widget-wrap\">\n\t\t\t\t\t\t<div class=\"elementor-element elementor-element-ebe1fb9 elementor-view-stacked elementor-shape-square elementor-position-top elementor-vertical-align-top elementor-widget elementor-widget-icon-box\" data-id=\"ebe1fb9\" data-element_type=\"widget\" data-widget_type=\"icon-box.default\">\n\t\t\t\t<div class=\"elementor-widget-container\">\n\t\t\t\t\t<div class=\"elementor-icon-box-wrapper\">\n\t\t\t\t\t\t<div class=\"elementor-icon-box-icon\">\n\t\t\t\t<span class=\"elementor-icon elementor-animation-\" >\n\t\t\t\t<i aria-hidden=\"true\" class=\"fab fa-instagram\"><\/i>\t\t\t\t<\/span>\n\t\t\t<\/div>\n\t\t\t\t\t\t<div class=\"elementor-icon-box-content\">\n\t\t\t\t<h3 class=\"elementor-icon-box-title\">\n\t\t\t\t\t<span  >\n\t\t\t\t\t\tInstagram\t\t\t\t\t<\/span>\n\t\t\t\t<\/h3>\n\t\t\t\t\t\t\t<\/div>\n\t\t<\/div>\n\t\t\t\t<\/div>\n\t\t\t\t<\/div>\n\t\t\t\t\t\t<\/div>\n\t\t\t\t\t<\/div>\n\t\t<\/div>\n\t\t\t\t<div class=\"elementor-column elementor-col-25 elementor-top-column elementor-element elementor-element-ea9d3ec\" data-id=\"ea9d3ec\" data-element_type=\"column\">\n\t\t\t<div class=\"elementor-column-wrap elementor-element-populated\">\n\t\t\t\t\t\t\t<div class=\"elementor-widget-wrap\">\n\t\t\t\t\t\t<div class=\"elementor-element elementor-element-e1a9e5c elementor-view-stacked elementor-shape-square elementor-position-top elementor-vertical-align-top elementor-widget elementor-widget-icon-box\" data-id=\"e1a9e5c\" data-element_type=\"widget\" data-widget_type=\"icon-box.default\">\n\t\t\t\t<div class=\"elementor-widget-container\">\n\t\t\t\t\t<div class=\"elementor-icon-box-wrapper\">\n\t\t\t\t\t\t<div class=\"elementor-icon-box-icon\">\n\t\t\t\t<span class=\"elementor-icon elementor-animation-\" >\n\t\t\t\t<i aria-hidden=\"true\" class=\"fab fa-facebook-f\"><\/i>\t\t\t\t<\/span>\n\t\t\t<\/div>\n\t\t\t\t\t\t<div class=\"elementor-icon-box-content\">\n\t\t\t\t<h3 class=\"elementor-icon-box-title\">\n\t\t\t\t\t<span  >\n\t\t\t\t\t\tFacebook\t\t\t\t\t<\/span>\n\t\t\t\t<\/h3>\n\t\t\t\t\t\t\t<\/div>\n\t\t<\/div>\n\t\t\t\t<\/div>\n\t\t\t\t<\/div>\n\t\t\t\t\t\t<\/div>\n\t\t\t\t\t<\/div>\n\t\t<\/div>\n\t\t\t\t\t\t\t\t<\/div>\n\t\t\t\t\t<\/div>\n\t\t<\/section>\n\t\t\t\t<section data-particle_enable=\"false\" data-particle-mobile-disabled=\"false\" class=\"elementor-section elementor-top-section elementor-element elementor-element-f286ed5 elementor-section-boxed elementor-section-height-default elementor-section-height-default\" data-id=\"f286ed5\" data-element_type=\"section\">\n\t\t\t\t\t\t<div class=\"elementor-container elementor-column-gap-default\">\n\t\t\t\t\t\t\t<div class=\"elementor-row\">\n\t\t\t\t\t<div class=\"elementor-column elementor-col-50 elementor-top-column elementor-element elementor-element-54c99d1\" data-id=\"54c99d1\" data-element_type=\"column\">\n\t\t\t<div class=\"elementor-column-wrap elementor-element-populated\">\n\t\t\t\t\t\t\t<div class=\"elementor-widget-wrap\">\n\t\t\t\t\t\t<div class=\"elementor-element elementor-element-ce7baad elementor-widget elementor-widget-text-editor\" data-id=\"ce7baad\" data-element_type=\"widget\" data-widget_type=\"text-editor.default\">\n\t\t\t\t<div class=\"elementor-widget-container\">\n\t\t\t\t\t\t\t\t<div class=\"elementor-text-editor elementor-clearfix\">\n\t\t\t\t<p>\u00a9 2021 &#8211; sawcity.pl. All Rights Reserved.<\/p>\t\t\t\t\t<\/div>\n\t\t\t\t\t\t<\/div>\n\t\t\t\t<\/div>\n\t\t\t\t\t\t<\/div>\n\t\t\t\t\t<\/div>\n\t\t<\/div>\n\t\t\t\t<div class=\"elementor-column elementor-col-50 elementor-top-column elementor-element elementor-element-7e4b41c\" data-id=\"7e4b41c\" data-element_type=\"column\">\n\t\t\t<div class=\"elementor-column-wrap elementor-element-populated\">\n\t\t\t\t\t\t\t<div class=\"elementor-widget-wrap\">\n\t\t\t\t\t\t<div class=\"elementor-element elementor-element-8a592e7 elementor-widget elementor-widget-text-editor\" data-id=\"8a592e7\" data-element_type=\"widget\" data-widget_type=\"text-editor.default\">\n\t\t\t\t<div class=\"elementor-widget-container\">\n\t\t\t\t\t\t\t\t<div class=\"elementor-text-editor elementor-clearfix\">\n\t\t\t\t<p>Polityka prywatno\u015bci\u00a0 |\u00a0 Polityka cookies<\/p>\t\t\t\t\t<\/div>\n\t\t\t\t\t\t<\/div>\n\t\t\t\t<\/div>\n\t\t\t\t\t\t<\/div>\n\t\t\t\t\t<\/div>\n\t\t<\/div>\n\t\t\t\t\t\t\t\t<\/div>\n\t\t\t\t\t<\/div>\n\t\t<\/section>\n\t\t\t\t\t\t<\/div>\n\t\t\t\t\t\t<\/div>\n\t\t\t\t\t<\/div>\n\t\t","protected":false},"excerpt":{"rendered":"<p>Warsztaty graffiti Warsztaty graffiti to doskona\u0142y pomys\u0142 na integracj\u0119 w Twojej firmie.To ciekawa forma sp\u0119dzenia czasu, kt\u00f3ra uczy i bawi.Podczas warsztat\u00f3w b\u0119dziecie mogli stworzy\u0107 wsp\u00f3lnie mural lub indywidualnie namalowa\u0107 obraz wed\u0142ug Waszego pomys\u0142u.Ofert\u0119 kierujemy do firm, szk\u00f3\u0142 i plac\u00f3wek, kt\u00f3re s\u0105 otwarte na niestandardow\u0105 form\u0119 nauki i zabawy.Przed ka\u017cdym warsztatem wprowadzimy Was w \u015bwiat sztuki [&hellip;]<\/p>\n","protected":false},"author":1,"featured_media":0,"parent":0,"menu_order":0,"comment_status":"closed","ping_status":"closed","template":"elementor_header_footer","meta":[],"yoast_head":"<!-- This site is optimized with the Yoast SEO Premium plugin v16.9 (Yoast SEO v16.9) - https:\/\/yoast.com\/wordpress\/plugins\/seo\/ -->\n<title>Warsztaty - Saw City<\/title>\n<meta name=\"description\" content=\"Malujemy murale artystyczne i reklamy\" \/>\n<meta name=\"robots\" content=\"index, follow, max-snippet:-1, max-image-preview:large, max-video-preview:-1\" \/>\n<link rel=\"canonical\" href=\"https:\/\/sawcity.pl\/index.php\/warsztaty\/\" \/>\n<meta property=\"og:locale\" content=\"pl_PL\" \/>\n<meta property=\"og:type\" content=\"article\" \/>\n<meta property=\"og:title\" content=\"Warsztaty\" \/>\n<meta property=\"og:description\" content=\"Malujemy murale artystyczne i reklamy\" \/>\n<meta property=\"og:url\" content=\"https:\/\/sawcity.pl\/index.php\/warsztaty\/\" \/>\n<meta property=\"og:site_name\" content=\"Saw City\" \/>\n<meta property=\"article:modified_time\" content=\"2021-11-23T12:36:11+00:00\" \/>\n<meta name=\"twitter:card\" content=\"summary_large_image\" \/>\n<meta name=\"twitter:label1\" content=\"Est. reading time\" \/>\n\t<meta name=\"twitter:data1\" content=\"1 minuta\" \/>\n<script type=\"application\/ld+json\" class=\"yoast-schema-graph\">{\"@context\":\"https:\/\/schema.org\",\"@graph\":[{\"@type\":\"WebSite\",\"@id\":\"https:\/\/sawcity.pl\/#website\",\"url\":\"https:\/\/sawcity.pl\/\",\"name\":\"Saw City\",\"description\":\" Malujemy murale artystyczne i reklamy\",\"potentialAction\":[{\"@type\":\"SearchAction\",\"target\":{\"@type\":\"EntryPoint\",\"urlTemplate\":\"https:\/\/sawcity.pl\/?s={search_term_string}\"},\"query-input\":\"required name=search_term_string\"}],\"inLanguage\":\"pl-PL\"},{\"@type\":\"WebPage\",\"@id\":\"https:\/\/sawcity.pl\/index.php\/warsztaty\/#webpage\",\"url\":\"https:\/\/sawcity.pl\/index.php\/warsztaty\/\",\"name\":\"Warsztaty - Saw City\",\"isPartOf\":{\"@id\":\"https:\/\/sawcity.pl\/#website\"},\"datePublished\":\"2021-11-23T12:23:38+00:00\",\"dateModified\":\"2021-11-23T12:36:11+00:00\",\"description\":\"Malujemy murale artystyczne i reklamy\",\"breadcrumb\":{\"@id\":\"https:\/\/sawcity.pl\/index.php\/warsztaty\/#breadcrumb\"},\"inLanguage\":\"pl-PL\",\"potentialAction\":[{\"@type\":\"ReadAction\",\"target\":[\"https:\/\/sawcity.pl\/index.php\/warsztaty\/\"]}]},{\"@type\":\"BreadcrumbList\",\"@id\":\"https:\/\/sawcity.pl\/index.php\/warsztaty\/#breadcrumb\",\"itemListElement\":[{\"@type\":\"ListItem\",\"position\":1,\"name\":\"Strona g\\u0142\\u00f3wna\",\"item\":\"https:\/\/sawcity.pl\/\"},{\"@type\":\"ListItem\",\"position\":2,\"name\":\"Warsztaty\"}]}]}<\/script>\n<!-- \/ Yoast SEO Premium plugin. -->","yoast_head_json":{"title":"Warsztaty - Saw City","description":"Malujemy murale artystyczne i reklamy","robots":{"index":"index","follow":"follow","max-snippet":"max-snippet:-1","max-image-preview":"max-image-preview:large","max-video-preview":"max-video-preview:-1"},"canonical":"https:\/\/sawcity.pl\/index.php\/warsztaty\/","og_locale":"pl_PL","og_type":"article","og_title":"Warsztaty","og_description":"Malujemy murale artystyczne i reklamy","og_url":"https:\/\/sawcity.pl\/index.php\/warsztaty\/","og_site_name":"Saw City","article_modified_time":"2021-11-23T12:36:11+00:00","twitter_card":"summary_large_image","twitter_misc":{"Est. reading time":"1 minuta"},"schema":{"@context":"https:\/\/schema.org","@graph":[{"@type":"WebSite","@id":"https:\/\/sawcity.pl\/#website","url":"https:\/\/sawcity.pl\/","name":"Saw City","description":" Malujemy murale artystyczne i reklamy","potentialAction":[{"@type":"SearchAction","target":{"@type":"EntryPoint","urlTemplate":"https:\/\/sawcity.pl\/?s={search_term_string}"},"query-input":"required name=search_term_string"}],"inLanguage":"pl-PL"},{"@type":"WebPage","@id":"https:\/\/sawcity.pl\/index.php\/warsztaty\/#webpage","url":"https:\/\/sawcity.pl\/index.php\/warsztaty\/","name":"Warsztaty - Saw City","isPartOf":{"@id":"https:\/\/sawcity.pl\/#website"},"datePublished":"2021-11-23T12:23:38+00:00","dateModified":"2021-11-23T12:36:11+00:00","description":"Malujemy murale artystyczne i reklamy","breadcrumb":{"@id":"https:\/\/sawcity.pl\/index.php\/warsztaty\/#breadcrumb"},"inLanguage":"pl-PL","potentialAction":[{"@type":"ReadAction","target":["https:\/\/sawcity.pl\/index.php\/warsztaty\/"]}]},{"@type":"BreadcrumbList","@id":"https:\/\/sawcity.pl\/index.php\/warsztaty\/#breadcrumb","itemListElement":[{"@type":"ListItem","position":1,"name":"Strona g\u0142\u00f3wna","item":"https:\/\/sawcity.pl\/"},{"@type":"ListItem","position":2,"name":"Warsztaty"}]}]}},"_links":{"self":[{"href":"https:\/\/sawcity.pl\/index.php\/wp-json\/wp\/v2\/pages\/484"}],"collection":[{"href":"https:\/\/sawcity.pl\/index.php\/wp-json\/wp\/v2\/pages"}],"about":[{"href":"https:\/\/sawcity.pl\/index.php\/wp-json\/wp\/v2\/types\/page"}],"author":[{"embeddable":true,"href":"https:\/\/sawcity.pl\/index.php\/wp-json\/wp\/v2\/users\/1"}],"replies":[{"embeddable":true,"href":"https:\/\/sawcity.pl\/index.php\/wp-json\/wp\/v2\/comments?post=484"}],"version-history":[{"count":13,"href":"https:\/\/sawcity.pl\/index.php\/wp-json\/wp\/v2\/pages\/484\/revisions"}],"predecessor-version":[{"id":504,"href":"https:\/\/sawcity.pl\/index.php\/wp-json\/wp\/v2\/pages\/484\/revisions\/504"}],"wp:attachment":[{"href":"https:\/\/sawcity.pl\/index.php\/wp-json\/wp\/v2\/media?parent=484"}],"curies":[{"name":"wp","href":"https:\/\/api.w.org\/{rel}","templated":true}]}}